{"id":103,"date":"2025-05-21T07:59:04","date_gmt":"2025-05-21T05:59:04","guid":{"rendered":"http:\/\/s1050683159.online.de\/?page_id=103"},"modified":"2025-06-06T16:51:21","modified_gmt":"2025-06-06T14:51:21","slug":"blog","status":"publish","type":"page","link":"https:\/\/fahrschule-gr\u00fcnwald.de\/index.php\/blog\/","title":{"rendered":"Blog"},"content":{"rendered":"<p>[et_pb_section fb_built=&#8220;1&#8243; _builder_version=&#8220;4.27.4&#8243; _module_preset=&#8220;default&#8220; global_colors_info=&#8220;{}&#8220;][et_pb_row _builder_version=&#8220;4.27.4&#8243; _module_preset=&#8220;default&#8220; global_colors_info=&#8220;{}&#8220;][et_pb_column type=&#8220;4_4&#8243; _builder_version=&#8220;4.27.4&#8243; _module_preset=&#8220;default&#8220; global_colors_info=&#8220;{}&#8220;][et_pb_heading title=&#8220;Neuigkeiten&#8220; _builder_version=&#8220;4.27.4&#8243; _module_preset=&#8220;default&#8220; global_colors_info=&#8220;{}&#8220;][\/et_pb_heading][et_pb_cta title=&#8220;Unser Fahrschulblog&#8220; button_text=&#8220;Klicks&#8220; _builder_version=&#8220;4.27.4&#8243; _module_preset=&#8220;default&#8220; global_colors_info=&#8220;{}&#8220;]<\/p>\n<p data-start=\"205\" data-end=\"477\">Hier wird nicht nur gefahren \u2013 hier wird erz\u00e4hlt, erkl\u00e4rt und inspiriert.<\/p>\n<p data-start=\"205\" data-end=\"477\">Ob du gerade erst mit dem F\u00fchrerschein startest oder schon mitten in der Ausbildung steckst: In unserem <strong>Blog<\/strong> findest du alles, was dich begleitet \u2013 auf dem Weg zur Pr\u00fcfung und dar\u00fcber hinaus.<\/p>\n<p data-start=\"479\" data-end=\"713\">Wir geben dir Einblicke in den Fahrschulalltag, teilen clevere Lerntipps, erkl\u00e4ren, wie du die <strong data-start=\"574\" data-end=\"592\">Drive Buzz App<\/strong> optimal nutzt \u2013 und verraten dir, warum bei uns nicht nur die Ampel auf Gr\u00fcn steht, sondern auch dein Lernfortschritt.<\/p>\n<p data-start=\"715\" data-end=\"776\">Kurz: <strong data-start=\"721\" data-end=\"776\">Ein Blog aus der Fahrschule \u2013 aber ohne Langeweile.<\/strong><\/p>\n<p>[\/et_pb_cta][et_pb_blog _builder_version=&#8220;4.27.4&#8243; _module_preset=&#8220;default&#8220; hover_enabled=&#8220;0&#8243; sticky_enabled=&#8220;0&#8243; include_categories=&#8220;1,6,7&#8243; show_more=&#8220;on&#8220; show_author=&#8220;off&#8220; show_pagination=&#8220;off&#8220;][\/et_pb_blog][et_pb_post_nav in_same_term=&#8220;off&#8220; prev_text=&#8220;vorheriger Beitrag&#8220; next_text=&#8220;n\u00e4chster Beitrag&#8220; _builder_version=&#8220;4.27.4&#8243; _module_preset=&#8220;default&#8220; global_colors_info=&#8220;{}&#8220;][\/et_pb_post_nav][et_pb_post_nav in_same_term=&#8220;on&#8220; _builder_version=&#8220;4.27.4&#8243; _module_preset=&#8220;default&#8220; global_colors_info=&#8220;{}&#8220;][\/et_pb_post_nav][\/et_pb_column][\/et_pb_row][\/et_pb_section]<\/p>\n","protected":false},"excerpt":{"rendered":"<p>Hier wird nicht nur gefahren \u2013 hier wird erz\u00e4hlt, erkl\u00e4rt und inspiriert. Ob du gerade erst mit dem F\u00fchrerschein startest oder schon mitten in der Ausbildung steckst: In unserem Blog findest du alles, was dich begleitet \u2013 auf dem Weg zur Pr\u00fcfung und dar\u00fcber hinaus. Wir geben dir Einblicke in den Fahrschulalltag, teilen clevere Lerntipps, [&hellip;]<\/p>\n","protected":false},"author":1,"featured_media":0,"parent":0,"menu_order":0,"comment_status":"closed","ping_status":"closed","template":"","meta":{"_et_pb_use_builder":"on","_et_pb_old_content":"","_et_gb_content_width":"","footnotes":""},"class_list":["post-103","page","type-page","status-publish","hentry"],"yoast_head":"<!-- This site is optimized with the Yoast SEO plugin v27.3 - https:\/\/yoast.com\/product\/yoast-seo-wordpress\/ -->\n<title>Blog - Fahrschule Gr\u00fcnwald - Neuwied | Irlich | Waldbreitbach | Rengsdorf<\/title>\n<meta name=\"description\" content=\"Fahrschule Gr\u00fcnwald \u2013 modern, digital &amp; pers\u00f6nlich. Starte jetzt deinen F\u00fchrerschein mit der Drive Buzz App, Top-Ausbildung &amp; voller Unterst\u00fctzung. Klassen: B, B196, B96, BE, A2, A, A1, AM, L &amp; Mofa.\" \/>\n<meta name=\"robots\" content=\"index, follow, max-snippet:-1, max-image-preview:large, max-video-preview:-1\" \/>\n<link rel=\"canonical\" href=\"https:\/\/fahrschule-gr\u00fcnwald.de\/index.php\/blog\/\" \/>\n<meta property=\"og:locale\" content=\"de_DE\" \/>\n<meta property=\"og:type\" content=\"article\" \/>\n<meta property=\"og:title\" content=\"Blog - Fahrschule Gr\u00fcnwald - Neuwied | Irlich | Waldbreitbach | Rengsdorf\" \/>\n<meta property=\"og:description\" content=\"Fahrschule Gr\u00fcnwald \u2013 modern, digital &amp; pers\u00f6nlich. Starte jetzt deinen F\u00fchrerschein mit der Drive Buzz App, Top-Ausbildung &amp; voller Unterst\u00fctzung. Klassen: B, B196, B96, BE, A2, A, A1, AM, L &amp; Mofa.\" \/>\n<meta property=\"og:url\" content=\"https:\/\/fahrschule-gr\u00fcnwald.de\/index.php\/blog\/\" \/>\n<meta property=\"og:site_name\" content=\"Fahrschule Gr\u00fcnwald\" \/>\n<meta property=\"article:publisher\" content=\"https:\/\/www.facebook.com\/FahrschuleGruenwald\" \/>\n<meta property=\"article:modified_time\" content=\"2025-06-06T14:51:21+00:00\" \/>\n<meta name=\"twitter:card\" content=\"summary_large_image\" \/>\n<meta name=\"twitter:label1\" content=\"Gesch\u00e4tzte Lesezeit\" \/>\n\t<meta name=\"twitter:data1\" content=\"1\u00a0Minute\" \/>\n<script type=\"application\/ld+json\" class=\"yoast-schema-graph\">{\"@context\":\"https:\\\/\\\/schema.org\",\"@graph\":[{\"@type\":\"WebPage\",\"@id\":\"https:\\\/\\\/fahrschule-gr\u00fcnwald.de\\\/index.php\\\/blog\\\/\",\"url\":\"https:\\\/\\\/fahrschule-gr\u00fcnwald.de\\\/index.php\\\/blog\\\/\",\"name\":\"Blog - Fahrschule Gr\u00fcnwald - Neuwied | Irlich | Waldbreitbach | Rengsdorf\",\"isPartOf\":{\"@id\":\"https:\\\/\\\/fahrschule-gr\u00fcnwald.de\\\/index.php\\\/#website\"},\"datePublished\":\"2025-05-21T05:59:04+00:00\",\"dateModified\":\"2025-06-06T14:51:21+00:00\",\"description\":\"Fahrschule Gr\u00fcnwald \u2013 modern, digital & pers\u00f6nlich. Starte jetzt deinen F\u00fchrerschein mit der Drive Buzz App, Top-Ausbildung & voller Unterst\u00fctzung. Klassen: B, B196, B96, BE, A2, A, A1, AM, L & Mofa.\",\"breadcrumb\":{\"@id\":\"https:\\\/\\\/fahrschule-gr\u00fcnwald.de\\\/index.php\\\/blog\\\/#breadcrumb\"},\"inLanguage\":\"de\",\"potentialAction\":[{\"@type\":\"ReadAction\",\"target\":[\"https:\\\/\\\/fahrschule-gr\u00fcnwald.de\\\/index.php\\\/blog\\\/\"]}]},{\"@type\":\"BreadcrumbList\",\"@id\":\"https:\\\/\\\/fahrschule-gr\u00fcnwald.de\\\/index.php\\\/blog\\\/#breadcrumb\",\"itemListElement\":[{\"@type\":\"ListItem\",\"position\":1,\"name\":\"Startseite\",\"item\":\"https:\\\/\\\/fahrschule-gr\u00fcnwald.de\\\/index.php\\\/\"},{\"@type\":\"ListItem\",\"position\":2,\"name\":\"Blog\"}]},{\"@type\":\"WebSite\",\"@id\":\"https:\\\/\\\/fahrschule-gr\u00fcnwald.de\\\/index.php\\\/#website\",\"url\":\"https:\\\/\\\/fahrschule-gr\u00fcnwald.de\\\/index.php\\\/\",\"name\":\"Fahrschule Gr\u00fcnwald\",\"description\":\"Fahrschule Neuwied | Rengsdorf | Irlich | Waldbreitbach\",\"potentialAction\":[{\"@type\":\"SearchAction\",\"target\":{\"@type\":\"EntryPoint\",\"urlTemplate\":\"https:\\\/\\\/fahrschule-gr\u00fcnwald.de\\\/index.php\\\/?s={search_term_string}\"},\"query-input\":{\"@type\":\"PropertyValueSpecification\",\"valueRequired\":true,\"valueName\":\"search_term_string\"}}],\"inLanguage\":\"de\"}]}<\/script>\n<!-- \/ Yoast SEO plugin. -->","yoast_head_json":{"title":"Blog - Fahrschule Gr\u00fcnwald - Neuwied | Irlich | Waldbreitbach | Rengsdorf","description":"Fahrschule Gr\u00fcnwald \u2013 modern, digital & pers\u00f6nlich. Starte jetzt deinen F\u00fchrerschein mit der Drive Buzz App, Top-Ausbildung & voller Unterst\u00fctzung. Klassen: B, B196, B96, BE, A2, A, A1, AM, L & Mofa.","robots":{"index":"index","follow":"follow","max-snippet":"max-snippet:-1","max-image-preview":"max-image-preview:large","max-video-preview":"max-video-preview:-1"},"canonical":"https:\/\/fahrschule-gr\u00fcnwald.de\/index.php\/blog\/","og_locale":"de_DE","og_type":"article","og_title":"Blog - Fahrschule Gr\u00fcnwald - Neuwied | Irlich | Waldbreitbach | Rengsdorf","og_description":"Fahrschule Gr\u00fcnwald \u2013 modern, digital & pers\u00f6nlich. Starte jetzt deinen F\u00fchrerschein mit der Drive Buzz App, Top-Ausbildung & voller Unterst\u00fctzung. Klassen: B, B196, B96, BE, A2, A, A1, AM, L & Mofa.","og_url":"https:\/\/fahrschule-gr\u00fcnwald.de\/index.php\/blog\/","og_site_name":"Fahrschule Gr\u00fcnwald","article_publisher":"https:\/\/www.facebook.com\/FahrschuleGruenwald","article_modified_time":"2025-06-06T14:51:21+00:00","twitter_card":"summary_large_image","twitter_misc":{"Gesch\u00e4tzte Lesezeit":"1\u00a0Minute"},"schema":{"@context":"https:\/\/schema.org","@graph":[{"@type":"WebPage","@id":"https:\/\/fahrschule-gr\u00fcnwald.de\/index.php\/blog\/","url":"https:\/\/fahrschule-gr\u00fcnwald.de\/index.php\/blog\/","name":"Blog - Fahrschule Gr\u00fcnwald - Neuwied | Irlich | Waldbreitbach | Rengsdorf","isPartOf":{"@id":"https:\/\/fahrschule-gr\u00fcnwald.de\/index.php\/#website"},"datePublished":"2025-05-21T05:59:04+00:00","dateModified":"2025-06-06T14:51:21+00:00","description":"Fahrschule Gr\u00fcnwald \u2013 modern, digital & pers\u00f6nlich. Starte jetzt deinen F\u00fchrerschein mit der Drive Buzz App, Top-Ausbildung & voller Unterst\u00fctzung. Klassen: B, B196, B96, BE, A2, A, A1, AM, L & Mofa.","breadcrumb":{"@id":"https:\/\/fahrschule-gr\u00fcnwald.de\/index.php\/blog\/#breadcrumb"},"inLanguage":"de","potentialAction":[{"@type":"ReadAction","target":["https:\/\/fahrschule-gr\u00fcnwald.de\/index.php\/blog\/"]}]},{"@type":"BreadcrumbList","@id":"https:\/\/fahrschule-gr\u00fcnwald.de\/index.php\/blog\/#breadcrumb","itemListElement":[{"@type":"ListItem","position":1,"name":"Startseite","item":"https:\/\/fahrschule-gr\u00fcnwald.de\/index.php\/"},{"@type":"ListItem","position":2,"name":"Blog"}]},{"@type":"WebSite","@id":"https:\/\/fahrschule-gr\u00fcnwald.de\/index.php\/#website","url":"https:\/\/fahrschule-gr\u00fcnwald.de\/index.php\/","name":"Fahrschule Gr\u00fcnwald","description":"Fahrschule Neuwied | Rengsdorf | Irlich | Waldbreitbach","potentialAction":[{"@type":"SearchAction","target":{"@type":"EntryPoint","urlTemplate":"https:\/\/fahrschule-gr\u00fcnwald.de\/index.php\/?s={search_term_string}"},"query-input":{"@type":"PropertyValueSpecification","valueRequired":true,"valueName":"search_term_string"}}],"inLanguage":"de"}]}},"_links":{"self":[{"href":"https:\/\/fahrschule-gr\u00fcnwald.de\/index.php\/wp-json\/wp\/v2\/pages\/103","targetHints":{"allow":["GET"]}}],"collection":[{"href":"https:\/\/fahrschule-gr\u00fcnwald.de\/index.php\/wp-json\/wp\/v2\/pages"}],"about":[{"href":"https:\/\/fahrschule-gr\u00fcnwald.de\/index.php\/wp-json\/wp\/v2\/types\/page"}],"author":[{"embeddable":true,"href":"https:\/\/fahrschule-gr\u00fcnwald.de\/index.php\/wp-json\/wp\/v2\/users\/1"}],"replies":[{"embeddable":true,"href":"https:\/\/fahrschule-gr\u00fcnwald.de\/index.php\/wp-json\/wp\/v2\/comments?post=103"}],"version-history":[{"count":6,"href":"https:\/\/fahrschule-gr\u00fcnwald.de\/index.php\/wp-json\/wp\/v2\/pages\/103\/revisions"}],"predecessor-version":[{"id":228,"href":"https:\/\/fahrschule-gr\u00fcnwald.de\/index.php\/wp-json\/wp\/v2\/pages\/103\/revisions\/228"}],"wp:attachment":[{"href":"https:\/\/fahrschule-gr\u00fcnwald.de\/index.php\/wp-json\/wp\/v2\/media?parent=103"}],"curies":[{"name":"wp","href":"https:\/\/api.w.org\/{rel}","templated":true}]}}