{"id":460,"date":"2025-09-29T14:33:38","date_gmt":"2025-09-29T12:33:38","guid":{"rendered":"https:\/\/fahrschule-gr\u00fcnwald.de\/index.php\/?page_id=460"},"modified":"2026-01-23T11:03:17","modified_gmt":"2026-01-23T10:03:17","slug":"drivebuzz","status":"publish","type":"page","link":"https:\/\/fahrschule-gr\u00fcnwald.de\/index.php\/drivebuzz\/","title":{"rendered":"drivebuzz"},"content":{"rendered":"<p>[et_pb_section fb_built=&#8220;1&#8243; _builder_version=&#8220;4.27.4&#8243; _module_preset=&#8220;default&#8220; global_colors_info=&#8220;{}&#8220;][et_pb_row column_structure=&#8220;1_4,1_4,1_4,1_4&#8243; make_equal=&#8220;on&#8220; _builder_version=&#8220;4.27.4&#8243; _module_preset=&#8220;default&#8220; border_radii=&#8220;on|10px|10px|10px|10px&#8220; global_colors_info=&#8220;{}&#8220;][et_pb_column type=&#8220;1_4&#8243; _builder_version=&#8220;4.27.4&#8243; _module_preset=&#8220;default&#8220; background_color=&#8220;gcid-primary-color&#8220; link_option_url=&#8220;https:\/\/www.fahrschule-gruenwald.de&#8220; border_radii=&#8220;on|10px|10px|10px|10px&#8220; global_colors_info=&#8220;{%22gcid-primary-color%22:%91%22background_color%22%93}&#8220;][et_pb_icon font_icon=&#8220;&#xe0e3;||divi||400&#8243; icon_color=&#8220;#FFFFFF&#8220; icon_width=&#8220;147px&#8220; icon_width_tablet=&#8220;147px&#8220; icon_width_phone=&#8220;45px&#8220; icon_width_last_edited=&#8220;on|phone&#8220; _builder_version=&#8220;4.27.4&#8243; _module_preset=&#8220;default&#8220; custom_margin=&#8220;0px|0px||0px|false|false&#8220; custom_padding=&#8220;0px|0px|0px|0px|false|false&#8220; global_colors_info=&#8220;{}&#8220;][\/et_pb_icon][et_pb_text content_tablet=&#8220;<\/p>\n<p style=%22text-align: center;%22><span style=%22color: #ffffff;%22>Zu unserer Internetseite<\/span><\/p>\n<p>&#8220; content_phone=&#8220;<\/p>\n<p style=%22text-align: center;%22><span style=%22color: #ffffff;%22>Zu unserer Internetseite<\/span><\/p>\n<p>&#8220; content_last_edited=&#8220;on|phone&#8220; _builder_version=&#8220;4.27.4&#8243; _module_preset=&#8220;default&#8220; background_color=&#8220;gcid-primary-color&#8220; custom_margin=&#8220;0px||0px||false|false&#8220; custom_margin_tablet=&#8220;0px||0px||false|false&#8220; custom_margin_phone=&#8220;0px||0px||false|false&#8220; custom_margin_last_edited=&#8220;on|phone&#8220; custom_padding=&#8220;0px||0px||false|false&#8220; border_radii=&#8220;on|10px|10px|10px|10px&#8220; global_colors_info=&#8220;{%22gcid-primary-color%22:%91%22background_color%22%93}&#8220;]<\/p>\n<p style=\"text-align: center;\"><span style=\"color: #ffffff;\">Zu unserer Internetseite<\/span><\/p>\n<p>[\/et_pb_text][\/et_pb_column][et_pb_column type=&#8220;1_4&#8243; _builder_version=&#8220;4.27.4&#8243; _module_preset=&#8220;default&#8220; background_color=&#8220;gcid-primary-color&#8220; link_option_url=&#8220;https:\/\/fahrschule-gr\u00fcnwald.de\/videos\/&#8220; border_radii=&#8220;on|10px|10px|10px|10px&#8220; global_colors_info=&#8220;{%22gcid-primary-color%22:%91%22background_color%22%93}&#8220;][et_pb_icon font_icon=&#8220;&#xf04b;||fa||900&#8243; icon_color=&#8220;#FFFFFF&#8220; font_icon_tablet=&#8220;\uf04b||fa||900&#8243; font_icon_phone=&#8220;\uf04b||fa||900&#8243; font_icon_last_edited=&#8220;on|phone&#8220; icon_width_tablet=&#8220;&#8220; icon_width_phone=&#8220;45px&#8220; icon_width_last_edited=&#8220;on|phone&#8220; _builder_version=&#8220;4.27.4&#8243; _module_preset=&#8220;default&#8220; custom_padding=&#8220;20px|5px|5px|5px|false|false&#8220; global_colors_info=&#8220;{}&#8220;][\/et_pb_icon][et_pb_text content_tablet=&#8220;<\/p>\n<p style=%22text-align: center;%22><span style=%22color: #ffffff;%22>Zu unseren Videos<\/span><\/p>\n<p>&#8220; content_phone=&#8220;<\/p>\n<p style=%22text-align: center;%22><span style=%22color: #ffffff;%22>Zu unseren Videos<\/span><\/p>\n<p>&#8220; content_last_edited=&#8220;on|phone&#8220; _builder_version=&#8220;4.27.4&#8243; _module_preset=&#8220;default&#8220; background_color=&#8220;gcid-primary-color&#8220; border_radii=&#8220;on|10px|10px|10px|10px&#8220; global_colors_info=&#8220;{%22gcid-primary-color%22:%91%22background_color%22%93}&#8220;]<\/p>\n<p style=\"text-align: center;\"><span style=\"color: #ffffff;\">Zu unseren Videos<\/span><\/p>\n<p>[\/et_pb_text][\/et_pb_column][et_pb_column type=&#8220;1_4&#8243; _builder_version=&#8220;4.27.4&#8243; _module_preset=&#8220;default&#8220; background_color=&#8220;gcid-primary-color&#8220; link_option_url=&#8220;https:\/\/fahrschule-gr\u00fcnwald.de\/faqs\/&#8220; border_radii=&#8220;on|10px|10px|10px|10px&#8220; global_colors_info=&#8220;{%22gcid-primary-color%22:%91%22background_color%22%93}&#8220;][et_pb_icon font_icon=&#8220;&#xf128;||fa||900&#8243; icon_color=&#8220;#FFFFFF&#8220; icon_width_tablet=&#8220;&#8220; icon_width_phone=&#8220;45px&#8220; icon_width_last_edited=&#8220;on|phone&#8220; _builder_version=&#8220;4.27.4&#8243; _module_preset=&#8220;default&#8220; custom_padding=&#8220;20px|5px|5px|5px|false|false&#8220; global_colors_info=&#8220;{}&#8220;][\/et_pb_icon][et_pb_text content_tablet=&#8220;<\/p>\n<p style=%22text-align: center;%22><span style=%22color: #ffffff;%22>Zu unseren FAQs<\/span><\/p>\n<p>&#8220; content_phone=&#8220;<\/p>\n<p style=%22text-align: center;%22><span style=%22color: #ffffff;%22>Zu unseren FAQs<\/span><\/p>\n<p>&#8220; content_last_edited=&#8220;on|phone&#8220; _builder_version=&#8220;4.27.4&#8243; _module_preset=&#8220;default&#8220; background_color=&#8220;gcid-primary-color&#8220; border_radii=&#8220;on|10px|10px|10px|10px&#8220; global_colors_info=&#8220;{%22gcid-primary-color%22:%91%22background_color%22%93}&#8220;]<\/p>\n<p style=\"text-align: center;\"><span style=\"color: #ffffff;\">Zu unseren FAQs<\/span><\/p>\n<p>[\/et_pb_text][\/et_pb_column][et_pb_column type=&#8220;1_4&#8243; _builder_version=&#8220;4.27.4&#8243; _module_preset=&#8220;default&#8220; background_color=&#8220;gcid-primary-color&#8220; link_option_url=&#8220;https:\/\/fahrschule-gr\u00fcnwald.de\/faqs\/&#8220; border_radii=&#8220;on|10px|10px|10px|10px&#8220; global_colors_info=&#8220;{%22gcid-primary-color%22:%91%22background_color%22%93}&#8220;][et_pb_icon font_icon=&#8220;&#xf0c0;||fa||900&#8243; icon_color=&#8220;#FFFFFF&#8220; icon_width_tablet=&#8220;&#8220; icon_width_phone=&#8220;45px&#8220; icon_width_last_edited=&#8220;on|phone&#8220; _builder_version=&#8220;4.27.4&#8243; _module_preset=&#8220;default&#8220; custom_padding=&#8220;20px|5px|5px|5px|false|false&#8220; hover_enabled=&#8220;0&#8243; global_colors_info=&#8220;{}&#8220; url=&#8220;https:\/\/xn--fahrschule-grnwald-y6b.de\/team\/&#8220; sticky_enabled=&#8220;0&#8243;][\/et_pb_icon][et_pb_text _builder_version=&#8220;4.27.4&#8243; _module_preset=&#8220;default&#8220; background_color=&#8220;gcid-primary-color&#8220; hover_enabled=&#8220;0&#8243; border_radii=&#8220;on|10px|10px|10px|10px&#8220; global_colors_info=&#8220;{%22gcid-primary-color%22:%91%22background_color%22%93}&#8220; link_option_url=&#8220;https:\/\/xn--fahrschule-grnwald-y6b.de\/team\/&#8220; sticky_enabled=&#8220;0&#8243;]<\/p>\n<p style=\"text-align: center;\"><span style=\"color: #ffffff;\">Unser Team<\/span><\/p>\n<p>[\/et_pb_text][\/et_pb_column][\/et_pb_row][\/et_pb_section]<\/p>\n","protected":false},"excerpt":{"rendered":"<p>Zu unserer InternetseiteZu unseren VideosZu unseren FAQsUnser Team<\/p>\n","protected":false},"author":1,"featured_media":0,"parent":0,"menu_order":0,"comment_status":"closed","ping_status":"closed","template":"page-template-blank.php","meta":{"_et_pb_use_builder":"on","_et_pb_old_content":"","_et_gb_content_width":"","footnotes":""},"class_list":["post-460","page","type-page","status-publish","hentry"],"yoast_head":"<!-- This site is optimized with the Yoast SEO plugin v27.4 - https:\/\/yoast.com\/product\/yoast-seo-wordpress\/ -->\n<title>drivebuzz - Fahrschule Gr\u00fcnwald - Neuwied | Irlich | Waldbreitbach | Rengsdorf<\/title>\n<meta name=\"description\" content=\"Fahrschule Gr\u00fcnwald \u2013 modern, digital &amp; pers\u00f6nlich. Starte jetzt deinen F\u00fchrerschein mit der Drive Buzz App, Top-Ausbildung &amp; voller Unterst\u00fctzung. Klassen: B, B196, B96, BE, A2, A, A1, AM, L &amp; Mofa.\" \/>\n<meta name=\"robots\" content=\"index, follow, max-snippet:-1, max-image-preview:large, max-video-preview:-1\" \/>\n<link rel=\"canonical\" href=\"https:\/\/fahrschule-gr\u00fcnwald.de\/index.php\/drivebuzz\/\" \/>\n<meta property=\"og:locale\" content=\"de_DE\" \/>\n<meta property=\"og:type\" content=\"article\" \/>\n<meta property=\"og:title\" content=\"drivebuzz - Fahrschule Gr\u00fcnwald - Neuwied | Irlich | Waldbreitbach | Rengsdorf\" \/>\n<meta property=\"og:description\" content=\"Fahrschule Gr\u00fcnwald \u2013 modern, digital &amp; pers\u00f6nlich. Starte jetzt deinen F\u00fchrerschein mit der Drive Buzz App, Top-Ausbildung &amp; voller Unterst\u00fctzung. Klassen: B, B196, B96, BE, A2, A, A1, AM, L &amp; Mofa.\" \/>\n<meta property=\"og:url\" content=\"https:\/\/fahrschule-gr\u00fcnwald.de\/index.php\/drivebuzz\/\" \/>\n<meta property=\"og:site_name\" content=\"Fahrschule Gr\u00fcnwald\" \/>\n<meta property=\"article:publisher\" content=\"https:\/\/www.facebook.com\/FahrschuleGruenwald\" \/>\n<meta property=\"article:modified_time\" content=\"2026-01-23T10:03:17+00:00\" \/>\n<meta name=\"twitter:card\" content=\"summary_large_image\" \/>\n<meta name=\"twitter:label1\" content=\"Gesch\u00e4tzte Lesezeit\" \/>\n\t<meta name=\"twitter:data1\" content=\"1\u00a0Minute\" \/>\n<script type=\"application\/ld+json\" class=\"yoast-schema-graph\">{\"@context\":\"https:\\\/\\\/schema.org\",\"@graph\":[{\"@type\":\"WebPage\",\"@id\":\"https:\\\/\\\/fahrschule-gr\u00fcnwald.de\\\/index.php\\\/drivebuzz\\\/\",\"url\":\"https:\\\/\\\/fahrschule-gr\u00fcnwald.de\\\/index.php\\\/drivebuzz\\\/\",\"name\":\"drivebuzz - Fahrschule Gr\u00fcnwald - Neuwied | Irlich | Waldbreitbach | Rengsdorf\",\"isPartOf\":{\"@id\":\"https:\\\/\\\/fahrschule-gr\u00fcnwald.de\\\/index.php\\\/#website\"},\"datePublished\":\"2025-09-29T12:33:38+00:00\",\"dateModified\":\"2026-01-23T10:03:17+00:00\",\"description\":\"Fahrschule Gr\u00fcnwald \u2013 modern, digital & pers\u00f6nlich. Starte jetzt deinen F\u00fchrerschein mit der Drive Buzz App, Top-Ausbildung & voller Unterst\u00fctzung. Klassen: B, B196, B96, BE, A2, A, A1, AM, L & Mofa.\",\"breadcrumb\":{\"@id\":\"https:\\\/\\\/fahrschule-gr\u00fcnwald.de\\\/index.php\\\/drivebuzz\\\/#breadcrumb\"},\"inLanguage\":\"de\",\"potentialAction\":[{\"@type\":\"ReadAction\",\"target\":[\"https:\\\/\\\/fahrschule-gr\u00fcnwald.de\\\/index.php\\\/drivebuzz\\\/\"]}]},{\"@type\":\"BreadcrumbList\",\"@id\":\"https:\\\/\\\/fahrschule-gr\u00fcnwald.de\\\/index.php\\\/drivebuzz\\\/#breadcrumb\",\"itemListElement\":[{\"@type\":\"ListItem\",\"position\":1,\"name\":\"Startseite\",\"item\":\"https:\\\/\\\/fahrschule-gr\u00fcnwald.de\\\/index.php\\\/\"},{\"@type\":\"ListItem\",\"position\":2,\"name\":\"drivebuzz\"}]},{\"@type\":\"WebSite\",\"@id\":\"https:\\\/\\\/fahrschule-gr\u00fcnwald.de\\\/index.php\\\/#website\",\"url\":\"https:\\\/\\\/fahrschule-gr\u00fcnwald.de\\\/index.php\\\/\",\"name\":\"Fahrschule Gr\u00fcnwald\",\"description\":\"Fahrschule Neuwied | Rengsdorf | Irlich | Waldbreitbach\",\"potentialAction\":[{\"@type\":\"SearchAction\",\"target\":{\"@type\":\"EntryPoint\",\"urlTemplate\":\"https:\\\/\\\/fahrschule-gr\u00fcnwald.de\\\/index.php\\\/?s={search_term_string}\"},\"query-input\":{\"@type\":\"PropertyValueSpecification\",\"valueRequired\":true,\"valueName\":\"search_term_string\"}}],\"inLanguage\":\"de\"}]}<\/script>\n<!-- \/ Yoast SEO plugin. -->","yoast_head_json":{"title":"drivebuzz - Fahrschule Gr\u00fcnwald - Neuwied | Irlich | Waldbreitbach | Rengsdorf","description":"Fahrschule Gr\u00fcnwald \u2013 modern, digital & pers\u00f6nlich. Starte jetzt deinen F\u00fchrerschein mit der Drive Buzz App, Top-Ausbildung & voller Unterst\u00fctzung. Klassen: B, B196, B96, BE, A2, A, A1, AM, L & Mofa.","robots":{"index":"index","follow":"follow","max-snippet":"max-snippet:-1","max-image-preview":"max-image-preview:large","max-video-preview":"max-video-preview:-1"},"canonical":"https:\/\/fahrschule-gr\u00fcnwald.de\/index.php\/drivebuzz\/","og_locale":"de_DE","og_type":"article","og_title":"drivebuzz - Fahrschule Gr\u00fcnwald - Neuwied | Irlich | Waldbreitbach | Rengsdorf","og_description":"Fahrschule Gr\u00fcnwald \u2013 modern, digital & pers\u00f6nlich. Starte jetzt deinen F\u00fchrerschein mit der Drive Buzz App, Top-Ausbildung & voller Unterst\u00fctzung. Klassen: B, B196, B96, BE, A2, A, A1, AM, L & Mofa.","og_url":"https:\/\/fahrschule-gr\u00fcnwald.de\/index.php\/drivebuzz\/","og_site_name":"Fahrschule Gr\u00fcnwald","article_publisher":"https:\/\/www.facebook.com\/FahrschuleGruenwald","article_modified_time":"2026-01-23T10:03:17+00:00","twitter_card":"summary_large_image","twitter_misc":{"Gesch\u00e4tzte Lesezeit":"1\u00a0Minute"},"schema":{"@context":"https:\/\/schema.org","@graph":[{"@type":"WebPage","@id":"https:\/\/fahrschule-gr\u00fcnwald.de\/index.php\/drivebuzz\/","url":"https:\/\/fahrschule-gr\u00fcnwald.de\/index.php\/drivebuzz\/","name":"drivebuzz - Fahrschule Gr\u00fcnwald - Neuwied | Irlich | Waldbreitbach | Rengsdorf","isPartOf":{"@id":"https:\/\/fahrschule-gr\u00fcnwald.de\/index.php\/#website"},"datePublished":"2025-09-29T12:33:38+00:00","dateModified":"2026-01-23T10:03:17+00:00","description":"Fahrschule Gr\u00fcnwald \u2013 modern, digital & pers\u00f6nlich. Starte jetzt deinen F\u00fchrerschein mit der Drive Buzz App, Top-Ausbildung & voller Unterst\u00fctzung. Klassen: B, B196, B96, BE, A2, A, A1, AM, L & Mofa.","breadcrumb":{"@id":"https:\/\/fahrschule-gr\u00fcnwald.de\/index.php\/drivebuzz\/#breadcrumb"},"inLanguage":"de","potentialAction":[{"@type":"ReadAction","target":["https:\/\/fahrschule-gr\u00fcnwald.de\/index.php\/drivebuzz\/"]}]},{"@type":"BreadcrumbList","@id":"https:\/\/fahrschule-gr\u00fcnwald.de\/index.php\/drivebuzz\/#breadcrumb","itemListElement":[{"@type":"ListItem","position":1,"name":"Startseite","item":"https:\/\/fahrschule-gr\u00fcnwald.de\/index.php\/"},{"@type":"ListItem","position":2,"name":"drivebuzz"}]},{"@type":"WebSite","@id":"https:\/\/fahrschule-gr\u00fcnwald.de\/index.php\/#website","url":"https:\/\/fahrschule-gr\u00fcnwald.de\/index.php\/","name":"Fahrschule Gr\u00fcnwald","description":"Fahrschule Neuwied | Rengsdorf | Irlich | Waldbreitbach","potentialAction":[{"@type":"SearchAction","target":{"@type":"EntryPoint","urlTemplate":"https:\/\/fahrschule-gr\u00fcnwald.de\/index.php\/?s={search_term_string}"},"query-input":{"@type":"PropertyValueSpecification","valueRequired":true,"valueName":"search_term_string"}}],"inLanguage":"de"}]}},"_links":{"self":[{"href":"https:\/\/fahrschule-gr\u00fcnwald.de\/index.php\/wp-json\/wp\/v2\/pages\/460","targetHints":{"allow":["GET"]}}],"collection":[{"href":"https:\/\/fahrschule-gr\u00fcnwald.de\/index.php\/wp-json\/wp\/v2\/pages"}],"about":[{"href":"https:\/\/fahrschule-gr\u00fcnwald.de\/index.php\/wp-json\/wp\/v2\/types\/page"}],"author":[{"embeddable":true,"href":"https:\/\/fahrschule-gr\u00fcnwald.de\/index.php\/wp-json\/wp\/v2\/users\/1"}],"replies":[{"embeddable":true,"href":"https:\/\/fahrschule-gr\u00fcnwald.de\/index.php\/wp-json\/wp\/v2\/comments?post=460"}],"version-history":[{"count":16,"href":"https:\/\/fahrschule-gr\u00fcnwald.de\/index.php\/wp-json\/wp\/v2\/pages\/460\/revisions"}],"predecessor-version":[{"id":612,"href":"https:\/\/fahrschule-gr\u00fcnwald.de\/index.php\/wp-json\/wp\/v2\/pages\/460\/revisions\/612"}],"wp:attachment":[{"href":"https:\/\/fahrschule-gr\u00fcnwald.de\/index.php\/wp-json\/wp\/v2\/media?parent=460"}],"curies":[{"name":"wp","href":"https:\/\/api.w.org\/{rel}","templated":true}]}}