{"id":515,"date":"2025-09-30T08:25:26","date_gmt":"2025-09-30T06:25:26","guid":{"rendered":"https:\/\/fahrschule-gr\u00fcnwald.de\/index.php\/?page_id=515"},"modified":"2025-10-01T08:07:52","modified_gmt":"2025-10-01T06:07:52","slug":"kontakt","status":"publish","type":"page","link":"https:\/\/fahrschule-gr\u00fcnwald.de\/index.php\/kontakt\/","title":{"rendered":"Kontakt"},"content":{"rendered":"<p>[et_pb_section fb_built=&#8220;1&#8243; admin_label=&#8220;About&#8220; _builder_version=&#8220;4.27.4&#8243; _module_preset=&#8220;default&#8220; min_height=&#8220;688px&#8220; custom_padding=&#8220;0px||0px||true|false&#8220; locked=&#8220;off&#8220; global_colors_info=&#8220;{}&#8220;][et_pb_row column_structure=&#8220;2_5,3_5&#8243; use_custom_gutter=&#8220;on&#8220; gutter_width=&#8220;1&#8243; make_equal=&#8220;on&#8220; _builder_version=&#8220;4.27.4&#8243; _module_preset=&#8220;default&#8220; width=&#8220;100%&#8220; max_width=&#8220;100%&#8220; min_height=&#8220;600px&#8220; custom_margin=&#8220;||||false|false&#8220; custom_margin_tablet=&#8220;0px||||false|false&#8220; custom_margin_last_edited=&#8220;off|desktop&#8220; custom_padding=&#8220;0px||0px||true|false&#8220; hover_enabled=&#8220;0&#8243; global_colors_info=&#8220;{}&#8220; sticky_enabled=&#8220;0&#8243;][et_pb_column type=&#8220;2_5&#8243; admin_label=&#8220;Spalte&#8220; _builder_version=&#8220;4.27.4&#8243; _module_preset=&#8220;default&#8220; background_enable_color=&#8220;off&#8220; background_image=&#8220;https:\/\/www.fahrschule-gr\u00fcnwald.de\/wp-content\/uploads\/2025\/07\/FS-Gruenwald-VW-scaled.jpg&#8220; background_repeat=&#8220;repeat-x&#8220; custom_padding=&#8220;60px|30px|40px|30px|false|true&#8220; custom_padding_tablet=&#8220;40px|20px|100px|20px|false|true&#8220; custom_padding_phone=&#8220;40px|20px|20px|20px|false|true&#8220; custom_padding_last_edited=&#8220;on|desktop&#8220; global_colors_info=&#8220;{%22gcid-ef0ab0fc-99c6-438c-b17d-a88b618c4798%22:%91%22background_color%22%93}&#8220;][\/et_pb_column][et_pb_column type=&#8220;3_5&#8243; _builder_version=&#8220;4.27.4&#8243; _module_preset=&#8220;default&#8220; background_color=&#8220;#FFFFFF&#8220; background_enable_image=&#8220;off&#8220; parallax=&#8220;on&#8220; custom_padding=&#8220;60px|100px|40px|100px|false|true&#8220; custom_padding_tablet=&#8220;40px|20px|20px|20px|false|true&#8220; custom_padding_phone=&#8220;40px|20px|20px|20px|false|true&#8220; custom_padding_last_edited=&#8220;on|desktop&#8220; global_colors_info=&#8220;{}&#8220;][et_pb_text _builder_version=&#8220;4.27.4&#8243; _module_preset=&#8220;default&#8220; text_font=&#8220;Verdana|||on|||||&#8220; quote_text_align=&#8220;right&#8220; global_colors_info=&#8220;{}&#8220;]<\/p>\n<p>Fahrschule Gr\u00fcnwald.<\/p>\n<p>[\/et_pb_text][et_pb_heading title=&#8220;Kontakt.&#8220; title_last_edited=&#8220;off|tablet&#8220; _builder_version=&#8220;4.27.4&#8243; _module_preset=&#8220;default&#8220; title_font=&#8220;Verdana|800|on|on|||||&#8220; title_text_align=&#8220;left&#8220; title_font_size=&#8220;75px&#8220; title_line_height=&#8220;1.8em&#8220; background_color=&#8220;RGBA(255,255,255,0)&#8220; module_alignment=&#8220;center&#8220; title_font_size_tablet=&#8220;75px&#8220; title_font_size_phone=&#8220;45px&#8220; title_font_size_last_edited=&#8220;on|phone&#8220; global_colors_info=&#8220;{}&#8220;][\/et_pb_heading][et_pb_heading title=&#8220;Formular. E-Mail.&#8220; _builder_version=&#8220;4.27.4&#8243; _module_preset=&#8220;default&#8220; title_level=&#8220;h2&#8243; title_font=&#8220;Verdana|700|on|on|||||&#8220; title_text_align=&#8220;left&#8220; title_font_size=&#8220;40px&#8220; title_line_height=&#8220;1.8em&#8220; background_color=&#8220;RGBA(255,255,255,0)&#8220; module_alignment=&#8220;center&#8220; custom_margin=&#8220;|||1vw|false|false&#8220; custom_padding=&#8220;|||1vw|false|false&#8220; title_font_size_tablet=&#8220;40px&#8220; title_font_size_phone=&#8220;20px&#8220; title_font_size_last_edited=&#8220;on|phone&#8220; border_width_left=&#8220;5px&#8220; global_colors_info=&#8220;{}&#8220;][\/et_pb_heading][et_pb_heading title=&#8220;Telefon.&#8220; _builder_version=&#8220;4.27.4&#8243; _module_preset=&#8220;default&#8220; title_level=&#8220;h2&#8243; title_font=&#8220;Verdana|700|on|on|||||&#8220; title_text_align=&#8220;left&#8220; title_font_size=&#8220;40px&#8220; title_line_height=&#8220;1.8em&#8220; background_color=&#8220;RGBA(255,255,255,0)&#8220; module_alignment=&#8220;center&#8220; custom_margin=&#8220;|||1vw|false|false&#8220; custom_padding=&#8220;|||1vw|false|false&#8220; title_font_size_tablet=&#8220;40px&#8220; title_font_size_phone=&#8220;20px&#8220; title_font_size_last_edited=&#8220;on|phone&#8220; border_width_left=&#8220;5px&#8220; global_colors_info=&#8220;{}&#8220;][\/et_pb_heading][et_pb_heading title=&#8220;Oder WhatsApp.&#8220; _builder_version=&#8220;4.27.4&#8243; _module_preset=&#8220;default&#8220; title_level=&#8220;h2&#8243; title_font=&#8220;Verdana|700|on|on|||||&#8220; title_text_align=&#8220;left&#8220; title_font_size=&#8220;40px&#8220; title_line_height=&#8220;1.8em&#8220; background_color=&#8220;RGBA(255,255,255,0)&#8220; module_alignment=&#8220;center&#8220; custom_margin=&#8220;|||1vw|false|false&#8220; custom_padding=&#8220;|||1vw|false|false&#8220; title_font_size_tablet=&#8220;40px&#8220; title_font_size_phone=&#8220;20px&#8220; title_font_size_last_edited=&#8220;on|phone&#8220; border_width_left=&#8220;5px&#8220; global_colors_info=&#8220;{}&#8220;][\/et_pb_heading][et_pb_divider show_divider=&#8220;off&#8220; _builder_version=&#8220;4.27.4&#8243; _module_preset=&#8220;default&#8220; global_colors_info=&#8220;{}&#8220;][\/et_pb_divider][\/et_pb_column][\/et_pb_row][et_pb_row disabled_on=&#8220;off|off|off&#8220; _builder_version=&#8220;4.27.4&#8243; _module_preset=&#8220;default&#8220; hover_enabled=&#8220;0&#8243; global_colors_info=&#8220;{}&#8220; sticky_enabled=&#8220;0&#8243;][et_pb_column type=&#8220;4_4&#8243; _builder_version=&#8220;4.27.4&#8243; _module_preset=&#8220;default&#8220; hover_enabled=&#8220;0&#8243; global_colors_info=&#8220;{}&#8220; sticky_enabled=&#8220;0&#8243;][et_pb_contact_form email=&#8220;office@fahrschule-gruenwald.de&#8220; title=&#8220;Kontaktformular&#8220; custom_message=&#8220;Folgende Nachricht wurde gerade \u00fcber das Mailformular von Fahrschule-Gruenwald.de \u00fcbermittelt:||et_pb_line_break_holder||||et_pb_line_break_holder||Vor- und Nachname: %%Name%%||et_pb_line_break_holder||||et_pb_line_break_holder||E-Mailadresse: %%Email%%||et_pb_line_break_holder||||et_pb_line_break_holder||Nachricht: %%Message%%||et_pb_line_break_holder||||et_pb_line_break_holder||||et_pb_line_break_holder||Es wurde der Datenschutzerkl\u00e4rung zugestimmt: %%Datenschutz%%&#8220; success_message=&#8220;Vielen Dank f\u00fcr Deine Anfrage. Wir melden uns in K\u00fcrze bei Dir.&#8220; _builder_version=&#8220;4.27.4&#8243; _module_preset=&#8220;default&#8220; _unique_id=&#8220;5fdd2df6-2e8f-49ce-bd16-00453b8b8e53&#8243; hover_enabled=&#8220;0&#8243; global_colors_info=&#8220;{}&#8220; sticky_enabled=&#8220;0&#8243;][et_pb_contact_field field_id=&#8220;Name&#8220; field_title=&#8220;Vor- und Nachname&#8220; _builder_version=&#8220;4.27.4&#8243; global_colors_info=&#8220;{}&#8220; button_text_size__hover_enabled=&#8220;off&#8220; button_one_text_size__hover_enabled=&#8220;off&#8220; button_two_text_size__hover_enabled=&#8220;off&#8220; button_text_color__hover_enabled=&#8220;off&#8220; button_one_text_color__hover_enabled=&#8220;off&#8220; button_two_text_color__hover_enabled=&#8220;off&#8220; button_border_width__hover_enabled=&#8220;off&#8220; button_one_border_width__hover_enabled=&#8220;off&#8220; button_two_border_width__hover_enabled=&#8220;off&#8220; button_border_color__hover_enabled=&#8220;off&#8220; button_one_border_color__hover_enabled=&#8220;off&#8220; button_two_border_color__hover_enabled=&#8220;off&#8220; button_border_radius__hover_enabled=&#8220;off&#8220; button_one_border_radius__hover_enabled=&#8220;off&#8220; button_two_border_radius__hover_enabled=&#8220;off&#8220; button_letter_spacing__hover_enabled=&#8220;off&#8220; button_one_letter_spacing__hover_enabled=&#8220;off&#8220; button_two_letter_spacing__hover_enabled=&#8220;off&#8220; button_bg_color__hover_enabled=&#8220;off&#8220; button_one_bg_color__hover_enabled=&#8220;off&#8220; button_two_bg_color__hover_enabled=&#8220;off&#8220;][\/et_pb_contact_field][et_pb_contact_field field_id=&#8220;Email&#8220; field_title=&#8220;E-Mail-Adresse&#8220; field_type=&#8220;email&#8220; _builder_version=&#8220;4.27.4&#8243; global_colors_info=&#8220;{}&#8220; button_text_size__hover_enabled=&#8220;off&#8220; button_one_text_size__hover_enabled=&#8220;off&#8220; button_two_text_size__hover_enabled=&#8220;off&#8220; button_text_color__hover_enabled=&#8220;off&#8220; button_one_text_color__hover_enabled=&#8220;off&#8220; button_two_text_color__hover_enabled=&#8220;off&#8220; button_border_width__hover_enabled=&#8220;off&#8220; button_one_border_width__hover_enabled=&#8220;off&#8220; button_two_border_width__hover_enabled=&#8220;off&#8220; button_border_color__hover_enabled=&#8220;off&#8220; button_one_border_color__hover_enabled=&#8220;off&#8220; button_two_border_color__hover_enabled=&#8220;off&#8220; button_border_radius__hover_enabled=&#8220;off&#8220; button_one_border_radius__hover_enabled=&#8220;off&#8220; button_two_border_radius__hover_enabled=&#8220;off&#8220; button_letter_spacing__hover_enabled=&#8220;off&#8220; button_one_letter_spacing__hover_enabled=&#8220;off&#8220; button_two_letter_spacing__hover_enabled=&#8220;off&#8220; button_bg_color__hover_enabled=&#8220;off&#8220; button_one_bg_color__hover_enabled=&#8220;off&#8220; button_two_bg_color__hover_enabled=&#8220;off&#8220;][\/et_pb_contact_field][et_pb_contact_field field_id=&#8220;Mobile&#8220; field_title=&#8220;Mobile Telefonnummer&#8220; required_mark=&#8220;off&#8220; _builder_version=&#8220;4.27.4&#8243; global_colors_info=&#8220;{}&#8220; button_text_size__hover_enabled=&#8220;off&#8220; button_one_text_size__hover_enabled=&#8220;off&#8220; button_two_text_size__hover_enabled=&#8220;off&#8220; button_text_color__hover_enabled=&#8220;off&#8220; button_one_text_color__hover_enabled=&#8220;off&#8220; button_two_text_color__hover_enabled=&#8220;off&#8220; button_border_width__hover_enabled=&#8220;off&#8220; button_one_border_width__hover_enabled=&#8220;off&#8220; button_two_border_width__hover_enabled=&#8220;off&#8220; button_border_color__hover_enabled=&#8220;off&#8220; button_one_border_color__hover_enabled=&#8220;off&#8220; button_two_border_color__hover_enabled=&#8220;off&#8220; button_border_radius__hover_enabled=&#8220;off&#8220; button_one_border_radius__hover_enabled=&#8220;off&#8220; button_two_border_radius__hover_enabled=&#8220;off&#8220; button_letter_spacing__hover_enabled=&#8220;off&#8220; button_one_letter_spacing__hover_enabled=&#8220;off&#8220; button_two_letter_spacing__hover_enabled=&#8220;off&#8220; button_bg_color__hover_enabled=&#8220;off&#8220; button_one_bg_color__hover_enabled=&#8220;off&#8220; button_two_bg_color__hover_enabled=&#8220;off&#8220;][\/et_pb_contact_field][et_pb_contact_field field_id=&#8220;Message&#8220; field_title=&#8220;Nachricht&#8220; field_type=&#8220;text&#8220; fullwidth_field=&#8220;on&#8220; _builder_version=&#8220;4.27.4&#8243; global_colors_info=&#8220;{}&#8220; button_text_size__hover_enabled=&#8220;off&#8220; button_one_text_size__hover_enabled=&#8220;off&#8220; button_two_text_size__hover_enabled=&#8220;off&#8220; button_text_color__hover_enabled=&#8220;off&#8220; button_one_text_color__hover_enabled=&#8220;off&#8220; button_two_text_color__hover_enabled=&#8220;off&#8220; button_border_width__hover_enabled=&#8220;off&#8220; button_one_border_width__hover_enabled=&#8220;off&#8220; button_two_border_width__hover_enabled=&#8220;off&#8220; button_border_color__hover_enabled=&#8220;off&#8220; button_one_border_color__hover_enabled=&#8220;off&#8220; button_two_border_color__hover_enabled=&#8220;off&#8220; button_border_radius__hover_enabled=&#8220;off&#8220; button_one_border_radius__hover_enabled=&#8220;off&#8220; button_two_border_radius__hover_enabled=&#8220;off&#8220; button_letter_spacing__hover_enabled=&#8220;off&#8220; button_one_letter_spacing__hover_enabled=&#8220;off&#8220; button_two_letter_spacing__hover_enabled=&#8220;off&#8220; button_bg_color__hover_enabled=&#8220;off&#8220; button_one_bg_color__hover_enabled=&#8220;off&#8220; button_two_bg_color__hover_enabled=&#8220;off&#8220;][\/et_pb_contact_field][et_pb_contact_field field_id=&#8220;Datenschutz&#8220; field_title=&#8220;Ich habe die Datenschutzerkl\u00e4rung gelesen und best\u00e4tige sie hiermit.&#8220; field_type=&#8220;checkbox&#8220; checkbox_options=&#8220;%91{%22value%22:%22Ich habe die Datenschutzerkl\u00e4rung gelesen und best\u00e4tige sie hiermit.%22,%22checked%22:0,%22dragID%22:-1,%22link_url%22:%22https:\/\/fahrschule-gr\u00fcnwald.de\/datenschutzerklaerung%22}%93&#8243; fullwidth_field=&#8220;on&#8220; _builder_version=&#8220;4.27.4&#8243; _module_preset=&#8220;default&#8220; global_colors_info=&#8220;{}&#8220;][\/et_pb_contact_field][\/et_pb_contact_form][\/et_pb_column][\/et_pb_row][et_pb_row _builder_version=&#8220;4.27.4&#8243; _module_preset=&#8220;default&#8220; locked=&#8220;off&#8220; global_colors_info=&#8220;{}&#8220;][et_pb_column type=&#8220;4_4&#8243; _builder_version=&#8220;4.27.4&#8243; _module_preset=&#8220;default&#8220; global_colors_info=&#8220;{}&#8220;][et_pb_cta title=&#8220;WhatsApp f\u00fcr allgemeine Anfragen&#8220; button_url=&#8220;https:\/\/wa.me\/+491755243334&#8243; url_new_window=&#8220;on&#8220; button_text=&#8220;WhatsApp von Nicole&#8220; _builder_version=&#8220;4.27.4&#8243; _module_preset=&#8220;default&#8220; custom_button=&#8220;on&#8220; button_icon=&#8220;&#xf232;||fa||400&#8243; button_icon_color=&#8220;#FFFFFF&#8220; button_icon_placement=&#8220;left&#8220; global_colors_info=&#8220;{}&#8220;]<\/p>\n<p>Du hast eine Frage, bist nicht ganz sicher oder noch unschl\u00fcssig? Kein Problem. Schreib&#8216; mir eine WhatsApp und wir kl\u00e4ren alle Deine Fragen schnell und unkompliziert.<\/p>\n<p>[\/et_pb_cta][\/et_pb_column][\/et_pb_row][\/et_pb_section]<\/p>\n","protected":false},"excerpt":{"rendered":"<p>Fahrschule Gr\u00fcnwald.Du hast eine Frage, bist nicht ganz sicher oder noch unschl\u00fcssig? Kein Problem. Schreib&#8216; mir eine WhatsApp und wir kl\u00e4ren alle Deine Fragen schnell und unkompliziert.<\/p>\n","protected":false},"author":1,"featured_media":0,"parent":0,"menu_order":0,"comment_status":"closed","ping_status":"closed","template":"page-template-blank.php","meta":{"_et_pb_use_builder":"on","_et_pb_old_content":"","_et_gb_content_width":"","footnotes":""},"class_list":["post-515","page","type-page","status-publish","hentry"],"yoast_head":"<!-- This site is optimized with the Yoast SEO plugin v27.3 - https:\/\/yoast.com\/product\/yoast-seo-wordpress\/ -->\n<title>Kontakt - Fahrschule Gr\u00fcnwald - Neuwied | Irlich | Waldbreitbach | Rengsdorf<\/title>\n<meta name=\"description\" content=\"Fahrschule Gr\u00fcnwald \u2013 modern, digital &amp; pers\u00f6nlich. Starte jetzt deinen F\u00fchrerschein mit der Drive Buzz App, Top-Ausbildung &amp; voller Unterst\u00fctzung. Klassen: B, B196, B96, BE, A2, A, A1, AM, L &amp; Mofa.\" \/>\n<meta name=\"robots\" content=\"index, follow, max-snippet:-1, max-image-preview:large, max-video-preview:-1\" \/>\n<link rel=\"canonical\" href=\"https:\/\/fahrschule-gr\u00fcnwald.de\/index.php\/kontakt\/\" \/>\n<meta property=\"og:locale\" content=\"de_DE\" \/>\n<meta property=\"og:type\" content=\"article\" \/>\n<meta property=\"og:title\" content=\"Kontakt - Fahrschule Gr\u00fcnwald - Neuwied | Irlich | Waldbreitbach | Rengsdorf\" \/>\n<meta property=\"og:description\" content=\"Fahrschule Gr\u00fcnwald \u2013 modern, digital &amp; pers\u00f6nlich. Starte jetzt deinen F\u00fchrerschein mit der Drive Buzz App, Top-Ausbildung &amp; voller Unterst\u00fctzung. Klassen: B, B196, B96, BE, A2, A, A1, AM, L &amp; Mofa.\" \/>\n<meta property=\"og:url\" content=\"https:\/\/fahrschule-gr\u00fcnwald.de\/index.php\/kontakt\/\" \/>\n<meta property=\"og:site_name\" content=\"Fahrschule Gr\u00fcnwald\" \/>\n<meta property=\"article:publisher\" content=\"https:\/\/www.facebook.com\/FahrschuleGruenwald\" \/>\n<meta property=\"article:modified_time\" content=\"2025-10-01T06:07:52+00:00\" \/>\n<meta name=\"twitter:card\" content=\"summary_large_image\" \/>\n<script type=\"application\/ld+json\" class=\"yoast-schema-graph\">{\"@context\":\"https:\\\/\\\/schema.org\",\"@graph\":[{\"@type\":\"WebPage\",\"@id\":\"https:\\\/\\\/fahrschule-gr\u00fcnwald.de\\\/index.php\\\/kontakt\\\/\",\"url\":\"https:\\\/\\\/fahrschule-gr\u00fcnwald.de\\\/index.php\\\/kontakt\\\/\",\"name\":\"Kontakt - Fahrschule Gr\u00fcnwald - Neuwied | Irlich | Waldbreitbach | Rengsdorf\",\"isPartOf\":{\"@id\":\"https:\\\/\\\/fahrschule-gr\u00fcnwald.de\\\/index.php\\\/#website\"},\"datePublished\":\"2025-09-30T06:25:26+00:00\",\"dateModified\":\"2025-10-01T06:07:52+00:00\",\"description\":\"Fahrschule Gr\u00fcnwald \u2013 modern, digital & pers\u00f6nlich. Starte jetzt deinen F\u00fchrerschein mit der Drive Buzz App, Top-Ausbildung & voller Unterst\u00fctzung. Klassen: B, B196, B96, BE, A2, A, A1, AM, L & Mofa.\",\"breadcrumb\":{\"@id\":\"https:\\\/\\\/fahrschule-gr\u00fcnwald.de\\\/index.php\\\/kontakt\\\/#breadcrumb\"},\"inLanguage\":\"de\",\"potentialAction\":[{\"@type\":\"ReadAction\",\"target\":[\"https:\\\/\\\/fahrschule-gr\u00fcnwald.de\\\/index.php\\\/kontakt\\\/\"]}]},{\"@type\":\"BreadcrumbList\",\"@id\":\"https:\\\/\\\/fahrschule-gr\u00fcnwald.de\\\/index.php\\\/kontakt\\\/#breadcrumb\",\"itemListElement\":[{\"@type\":\"ListItem\",\"position\":1,\"name\":\"Startseite\",\"item\":\"https:\\\/\\\/fahrschule-gr\u00fcnwald.de\\\/index.php\\\/\"},{\"@type\":\"ListItem\",\"position\":2,\"name\":\"Kontakt\"}]},{\"@type\":\"WebSite\",\"@id\":\"https:\\\/\\\/fahrschule-gr\u00fcnwald.de\\\/index.php\\\/#website\",\"url\":\"https:\\\/\\\/fahrschule-gr\u00fcnwald.de\\\/index.php\\\/\",\"name\":\"Fahrschule Gr\u00fcnwald\",\"description\":\"Fahrschule Neuwied | Rengsdorf | Irlich | Waldbreitbach\",\"potentialAction\":[{\"@type\":\"SearchAction\",\"target\":{\"@type\":\"EntryPoint\",\"urlTemplate\":\"https:\\\/\\\/fahrschule-gr\u00fcnwald.de\\\/index.php\\\/?s={search_term_string}\"},\"query-input\":{\"@type\":\"PropertyValueSpecification\",\"valueRequired\":true,\"valueName\":\"search_term_string\"}}],\"inLanguage\":\"de\"}]}<\/script>\n<!-- \/ Yoast SEO plugin. -->","yoast_head_json":{"title":"Kontakt - Fahrschule Gr\u00fcnwald - Neuwied | Irlich | Waldbreitbach | Rengsdorf","description":"Fahrschule Gr\u00fcnwald \u2013 modern, digital & pers\u00f6nlich. Starte jetzt deinen F\u00fchrerschein mit der Drive Buzz App, Top-Ausbildung & voller Unterst\u00fctzung. Klassen: B, B196, B96, BE, A2, A, A1, AM, L & Mofa.","robots":{"index":"index","follow":"follow","max-snippet":"max-snippet:-1","max-image-preview":"max-image-preview:large","max-video-preview":"max-video-preview:-1"},"canonical":"https:\/\/fahrschule-gr\u00fcnwald.de\/index.php\/kontakt\/","og_locale":"de_DE","og_type":"article","og_title":"Kontakt - Fahrschule Gr\u00fcnwald - Neuwied | Irlich | Waldbreitbach | Rengsdorf","og_description":"Fahrschule Gr\u00fcnwald \u2013 modern, digital & pers\u00f6nlich. Starte jetzt deinen F\u00fchrerschein mit der Drive Buzz App, Top-Ausbildung & voller Unterst\u00fctzung. Klassen: B, B196, B96, BE, A2, A, A1, AM, L & Mofa.","og_url":"https:\/\/fahrschule-gr\u00fcnwald.de\/index.php\/kontakt\/","og_site_name":"Fahrschule Gr\u00fcnwald","article_publisher":"https:\/\/www.facebook.com\/FahrschuleGruenwald","article_modified_time":"2025-10-01T06:07:52+00:00","twitter_card":"summary_large_image","schema":{"@context":"https:\/\/schema.org","@graph":[{"@type":"WebPage","@id":"https:\/\/fahrschule-gr\u00fcnwald.de\/index.php\/kontakt\/","url":"https:\/\/fahrschule-gr\u00fcnwald.de\/index.php\/kontakt\/","name":"Kontakt - Fahrschule Gr\u00fcnwald - Neuwied | Irlich | Waldbreitbach | Rengsdorf","isPartOf":{"@id":"https:\/\/fahrschule-gr\u00fcnwald.de\/index.php\/#website"},"datePublished":"2025-09-30T06:25:26+00:00","dateModified":"2025-10-01T06:07:52+00:00","description":"Fahrschule Gr\u00fcnwald \u2013 modern, digital & pers\u00f6nlich. Starte jetzt deinen F\u00fchrerschein mit der Drive Buzz App, Top-Ausbildung & voller Unterst\u00fctzung. Klassen: B, B196, B96, BE, A2, A, A1, AM, L & Mofa.","breadcrumb":{"@id":"https:\/\/fahrschule-gr\u00fcnwald.de\/index.php\/kontakt\/#breadcrumb"},"inLanguage":"de","potentialAction":[{"@type":"ReadAction","target":["https:\/\/fahrschule-gr\u00fcnwald.de\/index.php\/kontakt\/"]}]},{"@type":"BreadcrumbList","@id":"https:\/\/fahrschule-gr\u00fcnwald.de\/index.php\/kontakt\/#breadcrumb","itemListElement":[{"@type":"ListItem","position":1,"name":"Startseite","item":"https:\/\/fahrschule-gr\u00fcnwald.de\/index.php\/"},{"@type":"ListItem","position":2,"name":"Kontakt"}]},{"@type":"WebSite","@id":"https:\/\/fahrschule-gr\u00fcnwald.de\/index.php\/#website","url":"https:\/\/fahrschule-gr\u00fcnwald.de\/index.php\/","name":"Fahrschule Gr\u00fcnwald","description":"Fahrschule Neuwied | Rengsdorf | Irlich | Waldbreitbach","potentialAction":[{"@type":"SearchAction","target":{"@type":"EntryPoint","urlTemplate":"https:\/\/fahrschule-gr\u00fcnwald.de\/index.php\/?s={search_term_string}"},"query-input":{"@type":"PropertyValueSpecification","valueRequired":true,"valueName":"search_term_string"}}],"inLanguage":"de"}]}},"_links":{"self":[{"href":"https:\/\/fahrschule-gr\u00fcnwald.de\/index.php\/wp-json\/wp\/v2\/pages\/515","targetHints":{"allow":["GET"]}}],"collection":[{"href":"https:\/\/fahrschule-gr\u00fcnwald.de\/index.php\/wp-json\/wp\/v2\/pages"}],"about":[{"href":"https:\/\/fahrschule-gr\u00fcnwald.de\/index.php\/wp-json\/wp\/v2\/types\/page"}],"author":[{"embeddable":true,"href":"https:\/\/fahrschule-gr\u00fcnwald.de\/index.php\/wp-json\/wp\/v2\/users\/1"}],"replies":[{"embeddable":true,"href":"https:\/\/fahrschule-gr\u00fcnwald.de\/index.php\/wp-json\/wp\/v2\/comments?post=515"}],"version-history":[{"count":6,"href":"https:\/\/fahrschule-gr\u00fcnwald.de\/index.php\/wp-json\/wp\/v2\/pages\/515\/revisions"}],"predecessor-version":[{"id":530,"href":"https:\/\/fahrschule-gr\u00fcnwald.de\/index.php\/wp-json\/wp\/v2\/pages\/515\/revisions\/530"}],"wp:attachment":[{"href":"https:\/\/fahrschule-gr\u00fcnwald.de\/index.php\/wp-json\/wp\/v2\/media?parent=515"}],"curies":[{"name":"wp","href":"https:\/\/api.w.org\/{rel}","templated":true}]}}