{"id":66,"date":"2025-05-20T08:33:43","date_gmt":"2025-05-20T06:33:43","guid":{"rendered":"http:\/\/s1050683159.online.de\/?page_id=66"},"modified":"2025-07-17T11:33:44","modified_gmt":"2025-07-17T09:33:44","slug":"impressum","status":"publish","type":"page","link":"https:\/\/fahrschule-gr\u00fcnwald.de\/index.php\/impressum\/","title":{"rendered":"Impressum"},"content":{"rendered":"<p>[et_pb_section fb_built=&#8220;1&#8243; _builder_version=&#8220;4.27.4&#8243; _module_preset=&#8220;default&#8220; global_colors_info=&#8220;{}&#8220;][et_pb_row column_structure=&#8220;2_5,3_5&#8243; use_custom_gutter=&#8220;on&#8220; gutter_width=&#8220;1&#8243; make_equal=&#8220;on&#8220; _builder_version=&#8220;4.27.4&#8243; _module_preset=&#8220;default&#8220; width=&#8220;100%&#8220; max_width=&#8220;100%&#8220; min_height=&#8220;600px&#8220; custom_margin=&#8220;||||false|false&#8220; custom_margin_tablet=&#8220;0px||||false|false&#8220; custom_margin_last_edited=&#8220;off|desktop&#8220; custom_padding=&#8220;0px||0px||true|false&#8220; locked=&#8220;off&#8220; global_colors_info=&#8220;{}&#8220;][et_pb_column type=&#8220;2_5&#8243; admin_label=&#8220;Spalte&#8220; _builder_version=&#8220;4.27.4&#8243; _module_preset=&#8220;default&#8220; background_enable_color=&#8220;off&#8220; background_image=&#8220;https:\/\/www.fahrschule-gr\u00fcnwald.de\/wp-content\/uploads\/2025\/07\/FS-Gruenwald-Audi2.jpeg&#8220; background_repeat=&#8220;repeat-x&#8220; custom_padding=&#8220;60px|30px|40px|30px|false|true&#8220; custom_padding_tablet=&#8220;40px|20px|100px|20px|false|true&#8220; custom_padding_phone=&#8220;40px|20px|20px|20px|false|true&#8220; custom_padding_last_edited=&#8220;on|desktop&#8220; global_colors_info=&#8220;{%22gcid-ef0ab0fc-99c6-438c-b17d-a88b618c4798%22:%91%22background_color%22%93}&#8220;][\/et_pb_column][et_pb_column type=&#8220;3_5&#8243; _builder_version=&#8220;4.27.4&#8243; _module_preset=&#8220;default&#8220; background_color=&#8220;#FFFFFF&#8220; background_enable_image=&#8220;off&#8220; parallax=&#8220;on&#8220; custom_padding=&#8220;60px|100px|40px|100px|false|true&#8220; custom_padding_tablet=&#8220;40px|20px|20px|20px|false|true&#8220; custom_padding_phone=&#8220;40px|20px|20px|20px|false|true&#8220; custom_padding_last_edited=&#8220;on|desktop&#8220; global_colors_info=&#8220;{}&#8220;][et_pb_text _builder_version=&#8220;4.27.4&#8243; _module_preset=&#8220;default&#8220; text_font=&#8220;Verdana|||on|||||&#8220; quote_text_align=&#8220;right&#8220; global_colors_info=&#8220;{}&#8220;]<\/p>\n<p>Fahrschule Gr\u00fcnwald.<\/p>\n<p>[\/et_pb_text][et_pb_heading title=&#8220;Impressum.&#8220; title_last_edited=&#8220;off|tablet&#8220; _builder_version=&#8220;4.27.4&#8243; _module_preset=&#8220;default&#8220; title_font=&#8220;Verdana|800|on|on|||||&#8220; title_text_align=&#8220;left&#8220; title_font_size=&#8220;75px&#8220; title_line_height=&#8220;1.8em&#8220; background_color=&#8220;RGBA(255,255,255,0)&#8220; module_alignment=&#8220;center&#8220; title_font_size_tablet=&#8220;75px&#8220; title_font_size_phone=&#8220;45px&#8220; title_font_size_last_edited=&#8220;on|phone&#8220; global_colors_info=&#8220;{}&#8220;][\/et_pb_heading][et_pb_heading title=&#8220;Anschrift. Hauptstelle.&#8220; _builder_version=&#8220;4.27.4&#8243; _module_preset=&#8220;default&#8220; title_level=&#8220;h2&#8243; title_font=&#8220;Verdana|700|on|on|||||&#8220; title_text_align=&#8220;left&#8220; title_font_size=&#8220;40px&#8220; title_line_height=&#8220;1.8em&#8220; background_color=&#8220;RGBA(255,255,255,0)&#8220; module_alignment=&#8220;center&#8220; custom_margin=&#8220;|||1vw|false|false&#8220; custom_padding=&#8220;|||1vw|false|false&#8220; title_font_size_tablet=&#8220;40px&#8220; title_font_size_phone=&#8220;20px&#8220; title_font_size_last_edited=&#8220;on|phone&#8220; border_width_left=&#8220;5px&#8220; global_colors_info=&#8220;{}&#8220;][\/et_pb_heading][et_pb_heading title=&#8220;Nebenstellen.&#8220; _builder_version=&#8220;4.27.4&#8243; _module_preset=&#8220;default&#8220; title_level=&#8220;h2&#8243; title_font=&#8220;Verdana|700|on|on|||||&#8220; title_text_align=&#8220;left&#8220; title_font_size=&#8220;40px&#8220; title_line_height=&#8220;1.8em&#8220; background_color=&#8220;RGBA(255,255,255,0)&#8220; module_alignment=&#8220;center&#8220; custom_margin=&#8220;|||1vw|false|false&#8220; custom_padding=&#8220;|||1vw|false|false&#8220; title_font_size_tablet=&#8220;40px&#8220; title_font_size_phone=&#8220;20px&#8220; title_font_size_last_edited=&#8220;on|phone&#8220; border_width_left=&#8220;5px&#8220; global_colors_info=&#8220;{}&#8220;][\/et_pb_heading][et_pb_heading title=&#8220;Links. Und Co.&#8220; _builder_version=&#8220;4.27.4&#8243; _module_preset=&#8220;default&#8220; title_level=&#8220;h2&#8243; title_font=&#8220;Verdana|700|on|on|||||&#8220; title_text_align=&#8220;left&#8220; title_font_size=&#8220;40px&#8220; title_line_height=&#8220;1.8em&#8220; background_color=&#8220;RGBA(255,255,255,0)&#8220; module_alignment=&#8220;center&#8220; custom_margin=&#8220;|||1vw|false|false&#8220; custom_padding=&#8220;|||1vw|false|false&#8220; title_font_size_tablet=&#8220;40px&#8220; title_font_size_phone=&#8220;20px&#8220; title_font_size_last_edited=&#8220;on|phone&#8220; border_width_left=&#8220;5px&#8220; global_colors_info=&#8220;{}&#8220;][\/et_pb_heading][et_pb_divider show_divider=&#8220;off&#8220; _builder_version=&#8220;4.27.4&#8243; _module_preset=&#8220;default&#8220; global_colors_info=&#8220;{}&#8220;][\/et_pb_divider][\/et_pb_column][\/et_pb_row][et_pb_row _builder_version=&#8220;4.27.4&#8243; _module_preset=&#8220;default&#8220; global_colors_info=&#8220;{}&#8220;][et_pb_column type=&#8220;4_4&#8243; _builder_version=&#8220;4.27.4&#8243; _module_preset=&#8220;default&#8220; global_colors_info=&#8220;{}&#8220;][et_pb_code _builder_version=&#8220;4.27.4&#8243; _module_preset=&#8220;default&#8220; hover_enabled=&#8220;0&#8243; sticky_enabled=&#8220;0&#8243;]<div style=\"word-wrap: break-word;\"><h1>Impressum<\/h1>\r\n\r\n<p>Fahrschule Gr&uuml;nwald GbR<br \/>\r\nAm Goldberg 18<br \/>\r\n56581 Melsbach<\/p>\r\n\r\n<p><strong>Vertreten durch:<\/strong><br \/>\r\nGert Gr&uuml;nwald + Nicole Metzler<\/p>\r\n\r\n<h2>Kontakt<\/h2>\r\n<p>Telefon: +49 175 5243334<br \/>\r\nE-Mail: info@fahrschule-gruenwald.de<\/p>\r\n\r\n<h2>Aufsichtsbeh&ouml;rde<\/h2>\r\n<p>Stadtverwaltung Neuwied<br \/>\r\nEngerser Landstra&szlig;e 17<br \/>\r\n56564 Neuwied<\/p>\r\n<p><a href=\"http:\/\/www.neuwied.de\" target=\"_blank\" rel=\"noopener noreferrer\">http:\/\/www.neuwied.de<\/a><\/p>\r\n\r\n<h2>Verbraucher&shy;streit&shy;beilegung\/Universal&shy;schlichtungs&shy;stelle<\/h2>\r\n<p>Wir sind nicht bereit oder verpflichtet, an Streitbeilegungsverfahren vor einer Verbraucherschlichtungsstelle teilzunehmen.<\/p><\/div>[\/et_pb_code][\/et_pb_column][\/et_pb_row][\/et_pb_section]<\/p>\n","protected":false},"excerpt":{"rendered":"<p>Fahrschule Gr\u00fcnwald.<div style=\"word-wrap: break-word;\"><h1>Impressum<\/h1>\r\n\r\n<p>Fahrschule Gr&uuml;nwald GbR<br \/>\r\nAm Goldberg 18<br \/>\r\n56581 Melsbach<\/p>\r\n\r\n<p><strong>Vertreten durch:<\/strong><br \/>\r\nGert Gr&uuml;nwald + Nicole Metzler<\/p>\r\n\r\n<h2>Kontakt<\/h2>\r\n<p>Telefon: +49 175 5243334<br \/>\r\nE-Mail: info@fahrschule-gruenwald.de<\/p>\r\n\r\n<h2>Aufsichtsbeh&ouml;rde<\/h2>\r\n<p>Stadtverwaltung Neuwied<br \/>\r\nEngerser Landstra&szlig;e 17<br \/>\r\n56564 Neuwied<\/p>\r\n<p><a href=\"http:\/\/www.neuwied.de\" target=\"_blank\" rel=\"noopener noreferrer\">http:\/\/www.neuwied.de<\/a><\/p>\r\n\r\n<h2>Verbraucher&shy;streit&shy;beilegung\/Universal&shy;schlichtungs&shy;stelle<\/h2>\r\n<p>Wir sind nicht bereit oder verpflichtet, an Streitbeilegungsverfahren vor einer Verbraucherschlichtungsstelle teilzunehmen.<\/p><\/div><\/p>\n","protected":false},"author":1,"featured_media":0,"parent":0,"menu_order":0,"comment_status":"closed","ping_status":"closed","template":"","meta":{"_et_pb_use_builder":"on","_et_pb_old_content":"","_et_gb_content_width":"","footnotes":""},"class_list":["post-66","page","type-page","status-publish","hentry"],"yoast_head":"<!-- This site is optimized with the Yoast SEO plugin v27.3 - https:\/\/yoast.com\/product\/yoast-seo-wordpress\/ -->\n<title>Impressum - Fahrschule Gr\u00fcnwald - Neuwied | Irlich | Waldbreitbach | Rengsdorf<\/title>\n<meta name=\"description\" content=\"Fahrschule Gr\u00fcnwald \u2013 modern, digital &amp; pers\u00f6nlich. Starte jetzt deinen F\u00fchrerschein mit der Drive Buzz App, Top-Ausbildung &amp; voller Unterst\u00fctzung. Klassen: B, B196, B96, BE, A2, A, A1, AM, L &amp; Mofa.\" \/>\n<meta name=\"robots\" content=\"index, follow, max-snippet:-1, max-image-preview:large, max-video-preview:-1\" \/>\n<link rel=\"canonical\" href=\"https:\/\/fahrschule-gr\u00fcnwald.de\/index.php\/impressum\/\" \/>\n<meta property=\"og:locale\" content=\"de_DE\" \/>\n<meta property=\"og:type\" content=\"article\" \/>\n<meta property=\"og:title\" content=\"Impressum - Fahrschule Gr\u00fcnwald - Neuwied | Irlich | Waldbreitbach | Rengsdorf\" \/>\n<meta property=\"og:description\" content=\"Fahrschule Gr\u00fcnwald \u2013 modern, digital &amp; pers\u00f6nlich. Starte jetzt deinen F\u00fchrerschein mit der Drive Buzz App, Top-Ausbildung &amp; voller Unterst\u00fctzung. Klassen: B, B196, B96, BE, A2, A, A1, AM, L &amp; Mofa.\" \/>\n<meta property=\"og:url\" content=\"https:\/\/fahrschule-gr\u00fcnwald.de\/index.php\/impressum\/\" \/>\n<meta property=\"og:site_name\" content=\"Fahrschule Gr\u00fcnwald\" \/>\n<meta property=\"article:publisher\" content=\"https:\/\/www.facebook.com\/FahrschuleGruenwald\" \/>\n<meta property=\"article:modified_time\" content=\"2025-07-17T09:33:44+00:00\" \/>\n<meta name=\"twitter:card\" content=\"summary_large_image\" \/>\n<meta name=\"twitter:label1\" content=\"Gesch\u00e4tzte Lesezeit\" \/>\n\t<meta name=\"twitter:data1\" content=\"3\u00a0Minuten\" \/>\n<script type=\"application\/ld+json\" class=\"yoast-schema-graph\">{\"@context\":\"https:\\\/\\\/schema.org\",\"@graph\":[{\"@type\":\"WebPage\",\"@id\":\"https:\\\/\\\/fahrschule-gr\u00fcnwald.de\\\/index.php\\\/impressum\\\/\",\"url\":\"https:\\\/\\\/fahrschule-gr\u00fcnwald.de\\\/index.php\\\/impressum\\\/\",\"name\":\"Impressum - Fahrschule Gr\u00fcnwald - Neuwied | Irlich | Waldbreitbach | Rengsdorf\",\"isPartOf\":{\"@id\":\"https:\\\/\\\/fahrschule-gr\u00fcnwald.de\\\/index.php\\\/#website\"},\"datePublished\":\"2025-05-20T06:33:43+00:00\",\"dateModified\":\"2025-07-17T09:33:44+00:00\",\"description\":\"Fahrschule Gr\u00fcnwald \u2013 modern, digital & pers\u00f6nlich. Starte jetzt deinen F\u00fchrerschein mit der Drive Buzz App, Top-Ausbildung & voller Unterst\u00fctzung. Klassen: B, B196, B96, BE, A2, A, A1, AM, L & Mofa.\",\"breadcrumb\":{\"@id\":\"https:\\\/\\\/fahrschule-gr\u00fcnwald.de\\\/index.php\\\/impressum\\\/#breadcrumb\"},\"inLanguage\":\"de\",\"potentialAction\":[{\"@type\":\"ReadAction\",\"target\":[\"https:\\\/\\\/fahrschule-gr\u00fcnwald.de\\\/index.php\\\/impressum\\\/\"]}]},{\"@type\":\"BreadcrumbList\",\"@id\":\"https:\\\/\\\/fahrschule-gr\u00fcnwald.de\\\/index.php\\\/impressum\\\/#breadcrumb\",\"itemListElement\":[{\"@type\":\"ListItem\",\"position\":1,\"name\":\"Startseite\",\"item\":\"https:\\\/\\\/fahrschule-gr\u00fcnwald.de\\\/index.php\\\/\"},{\"@type\":\"ListItem\",\"position\":2,\"name\":\"Impressum\"}]},{\"@type\":\"WebSite\",\"@id\":\"https:\\\/\\\/fahrschule-gr\u00fcnwald.de\\\/index.php\\\/#website\",\"url\":\"https:\\\/\\\/fahrschule-gr\u00fcnwald.de\\\/index.php\\\/\",\"name\":\"Fahrschule Gr\u00fcnwald\",\"description\":\"Fahrschule Neuwied | Rengsdorf | Irlich | Waldbreitbach\",\"potentialAction\":[{\"@type\":\"SearchAction\",\"target\":{\"@type\":\"EntryPoint\",\"urlTemplate\":\"https:\\\/\\\/fahrschule-gr\u00fcnwald.de\\\/index.php\\\/?s={search_term_string}\"},\"query-input\":{\"@type\":\"PropertyValueSpecification\",\"valueRequired\":true,\"valueName\":\"search_term_string\"}}],\"inLanguage\":\"de\"}]}<\/script>\n<!-- \/ Yoast SEO plugin. -->","yoast_head_json":{"title":"Impressum - Fahrschule Gr\u00fcnwald - Neuwied | Irlich | Waldbreitbach | Rengsdorf","description":"Fahrschule Gr\u00fcnwald \u2013 modern, digital & pers\u00f6nlich. Starte jetzt deinen F\u00fchrerschein mit der Drive Buzz App, Top-Ausbildung & voller Unterst\u00fctzung. Klassen: B, B196, B96, BE, A2, A, A1, AM, L & Mofa.","robots":{"index":"index","follow":"follow","max-snippet":"max-snippet:-1","max-image-preview":"max-image-preview:large","max-video-preview":"max-video-preview:-1"},"canonical":"https:\/\/fahrschule-gr\u00fcnwald.de\/index.php\/impressum\/","og_locale":"de_DE","og_type":"article","og_title":"Impressum - Fahrschule Gr\u00fcnwald - Neuwied | Irlich | Waldbreitbach | Rengsdorf","og_description":"Fahrschule Gr\u00fcnwald \u2013 modern, digital & pers\u00f6nlich. Starte jetzt deinen F\u00fchrerschein mit der Drive Buzz App, Top-Ausbildung & voller Unterst\u00fctzung. Klassen: B, B196, B96, BE, A2, A, A1, AM, L & Mofa.","og_url":"https:\/\/fahrschule-gr\u00fcnwald.de\/index.php\/impressum\/","og_site_name":"Fahrschule Gr\u00fcnwald","article_publisher":"https:\/\/www.facebook.com\/FahrschuleGruenwald","article_modified_time":"2025-07-17T09:33:44+00:00","twitter_card":"summary_large_image","twitter_misc":{"Gesch\u00e4tzte Lesezeit":"3\u00a0Minuten"},"schema":{"@context":"https:\/\/schema.org","@graph":[{"@type":"WebPage","@id":"https:\/\/fahrschule-gr\u00fcnwald.de\/index.php\/impressum\/","url":"https:\/\/fahrschule-gr\u00fcnwald.de\/index.php\/impressum\/","name":"Impressum - Fahrschule Gr\u00fcnwald - Neuwied | Irlich | Waldbreitbach | Rengsdorf","isPartOf":{"@id":"https:\/\/fahrschule-gr\u00fcnwald.de\/index.php\/#website"},"datePublished":"2025-05-20T06:33:43+00:00","dateModified":"2025-07-17T09:33:44+00:00","description":"Fahrschule Gr\u00fcnwald \u2013 modern, digital & pers\u00f6nlich. Starte jetzt deinen F\u00fchrerschein mit der Drive Buzz App, Top-Ausbildung & voller Unterst\u00fctzung. Klassen: B, B196, B96, BE, A2, A, A1, AM, L & Mofa.","breadcrumb":{"@id":"https:\/\/fahrschule-gr\u00fcnwald.de\/index.php\/impressum\/#breadcrumb"},"inLanguage":"de","potentialAction":[{"@type":"ReadAction","target":["https:\/\/fahrschule-gr\u00fcnwald.de\/index.php\/impressum\/"]}]},{"@type":"BreadcrumbList","@id":"https:\/\/fahrschule-gr\u00fcnwald.de\/index.php\/impressum\/#breadcrumb","itemListElement":[{"@type":"ListItem","position":1,"name":"Startseite","item":"https:\/\/fahrschule-gr\u00fcnwald.de\/index.php\/"},{"@type":"ListItem","position":2,"name":"Impressum"}]},{"@type":"WebSite","@id":"https:\/\/fahrschule-gr\u00fcnwald.de\/index.php\/#website","url":"https:\/\/fahrschule-gr\u00fcnwald.de\/index.php\/","name":"Fahrschule Gr\u00fcnwald","description":"Fahrschule Neuwied | Rengsdorf | Irlich | Waldbreitbach","potentialAction":[{"@type":"SearchAction","target":{"@type":"EntryPoint","urlTemplate":"https:\/\/fahrschule-gr\u00fcnwald.de\/index.php\/?s={search_term_string}"},"query-input":{"@type":"PropertyValueSpecification","valueRequired":true,"valueName":"search_term_string"}}],"inLanguage":"de"}]}},"_links":{"self":[{"href":"https:\/\/fahrschule-gr\u00fcnwald.de\/index.php\/wp-json\/wp\/v2\/pages\/66","targetHints":{"allow":["GET"]}}],"collection":[{"href":"https:\/\/fahrschule-gr\u00fcnwald.de\/index.php\/wp-json\/wp\/v2\/pages"}],"about":[{"href":"https:\/\/fahrschule-gr\u00fcnwald.de\/index.php\/wp-json\/wp\/v2\/types\/page"}],"author":[{"embeddable":true,"href":"https:\/\/fahrschule-gr\u00fcnwald.de\/index.php\/wp-json\/wp\/v2\/users\/1"}],"replies":[{"embeddable":true,"href":"https:\/\/fahrschule-gr\u00fcnwald.de\/index.php\/wp-json\/wp\/v2\/comments?post=66"}],"version-history":[{"count":6,"href":"https:\/\/fahrschule-gr\u00fcnwald.de\/index.php\/wp-json\/wp\/v2\/pages\/66\/revisions"}],"predecessor-version":[{"id":366,"href":"https:\/\/fahrschule-gr\u00fcnwald.de\/index.php\/wp-json\/wp\/v2\/pages\/66\/revisions\/366"}],"wp:attachment":[{"href":"https:\/\/fahrschule-gr\u00fcnwald.de\/index.php\/wp-json\/wp\/v2\/media?parent=66"}],"curies":[{"name":"wp","href":"https:\/\/api.w.org\/{rel}","templated":true}]}}